{"id":43,"date":"2022-10-10T11:37:58","date_gmt":"2022-10-10T09:37:58","guid":{"rendered":"https:\/\/rightsnow.se\/valkommen-till-stiftelsen-rights-now\/"},"modified":"2025-03-06T22:16:49","modified_gmt":"2025-03-06T21:16:49","slug":"valkommen-till-stiftelsen-rights-now","status":"publish","type":"page","link":"https:\/\/rightsnow.se\/sv\/","title":{"rendered":"V\u00e4lkommen till Stiftelsen Rights Now"},"content":{"rendered":"\n<h2 class=\"wp-block-heading\">Vi st\u00f6djer projekt som g\u00f6r unik skillnad f\u00f6r m\u00e4nniskor<\/h2>\n\n<p>Varje litet steg r\u00e4knas n\u00e4r m\u00e4nniskor ska ta sig ur situationer och sammanhang som begr\u00e4nsar deras frihet, m\u00f6jligheter och r\u00e4ttigheter. Genom \u00e5ren har stiftelsen Rights Now gett st\u00f6d till organisationer och projekt som p\u00e5 unika s\u00e4tt gjort skillnad f\u00f6r m\u00e4nniskor p\u00e5 flykt fr\u00e5n krig och f\u00f6rf\u00f6ljelse, f\u00f6r barn och unga m\u00e4nniskor som saknat st\u00f6d i form av trygga hemf\u00f6rh\u00e5llanden, skolor, sociala sammanhang och aktiviteter. Rights Now har aktivt st\u00f6tt m\u00e4nniskor som k\u00e4mpat f\u00f6r b\u00e4ttre livsvillkor och f\u00f6r r\u00e4tten att f\u00e5 uttrycka sig och leva i trygghet. Till exempel har vi varit med och v\u00e4rnat r\u00e4ttigheterna f\u00f6r hbtq-personer i flera l\u00e4nder.<\/p>\n\n<p>Se n\u00e5gra av dessa projekt och organisationer och uppt\u00e4ck vilken skillnad de g\u00f6r. Stiftelsen Rights Now st\u00f6djer organisationer i det civila samh\u00e4llet som dag f\u00f6r dag, timme f\u00f6r timme, ger m\u00f6jligheter till individer och grupper att f\u00e5 utvecklas och leva tryggare och friare, med st\u00f6rre tillit och framtidstro. M\u00f6t n\u00e5gra av dessa organisationer och projekt h\u00e4r &#8211; uppt\u00e4ck vad de g\u00f6r och \u00e5stadkommer! Det handlar ofta om engagerade m\u00e4nniskor som med mycket begr\u00e4nsade medel g\u00f6r h\u00e4pnadsv\u00e4ckande saker f\u00f6r sina medm\u00e4nniskor. D\u00e4r vill stiftelsen Rights Now vara med, f\u00f6r att ge st\u00f6d \u00e5t konstruktiva, positiva processer med potential att skapa varaktiga f\u00f6r\u00e4ndringar av m\u00e4nniskors livsf\u00f6rh\u00e5llanden och f\u00f6ruts\u00e4ttningar.<\/p>\n\n<p>Vi v\u00e4lkomnar civila samh\u00e4llets organisationer att s\u00f6ka st\u00f6d fr\u00e5n stiftelsen Rights Now.<\/p>\n","protected":false},"excerpt":{"rendered":"<p>Vi st\u00f6djer projekt som g\u00f6r unik skillnad f\u00f6r m\u00e4nniskor Varje litet steg r\u00e4knas n\u00e4r m\u00e4nniskor ska ta sig ur situationer och sammanhang som begr\u00e4nsar deras frihet, m\u00f6jligheter&#8230;<\/p>\n","protected":false},"author":1,"featured_media":0,"parent":0,"menu_order":-1,"comment_status":"closed","ping_status":"closed","template":"","meta":{"_acf_changed":false,"_monsterinsights_skip_tracking":false,"_monsterinsights_sitenote_active":false,"_monsterinsights_sitenote_note":"","_monsterinsights_sitenote_category":0,"footnotes":""},"class_list":["post-43","page","type-page","status-publish","hentry"],"acf":[],"yoast_head":"<!-- This site is optimized with the Yoast SEO Premium plugin v27.4 (Yoast SEO v27.4) - https:\/\/yoast.com\/product\/yoast-seo-premium-wordpress\/ -->\n<title>Stiftelsen Rights Now<\/title>\n<meta name=\"description\" content=\"Stiftelsen Rights Now vill f\u00f6rb\u00e4ttra livet och m\u00f6jligheterna f\u00f6r m\u00e4nniskor i utsatta situationer.\" \/>\n<meta name=\"robots\" content=\"index, follow, max-snippet:-1, max-image-preview:large, max-video-preview:-1\" \/>\n<link rel=\"canonical\" href=\"https:\/\/rightsnow.se\/sv\/\" \/>\n<meta property=\"og:locale\" content=\"sv_SE\" \/>\n<meta property=\"og:type\" content=\"article\" \/>\n<meta property=\"og:title\" content=\"V\u00e4lkommen till Stiftelsen Rights Now\" \/>\n<meta property=\"og:description\" content=\"Stiftelsen Rights Now vill f\u00f6rb\u00e4ttra livet och m\u00f6jligheterna f\u00f6r m\u00e4nniskor i utsatta situationer.\" \/>\n<meta property=\"og:url\" content=\"https:\/\/rightsnow.se\/sv\/\" \/>\n<meta property=\"og:site_name\" content=\"Rights Now Foundation\" \/>\n<meta property=\"article:modified_time\" content=\"2025-03-06T21:16:49+00:00\" \/>\n<meta name=\"twitter:card\" content=\"summary_large_image\" \/>\n<meta name=\"twitter:label1\" content=\"Ber\u00e4knad l\u00e4stid\" \/>\n\t<meta name=\"twitter:data1\" content=\"1 minut\" \/>\n<script type=\"application\/ld+json\" class=\"yoast-schema-graph\">{\"@context\":\"https:\\\/\\\/schema.org\",\"@graph\":[{\"@type\":\"WebPage\",\"@id\":\"https:\\\/\\\/rightsnow.se\\\/sv\\\/\",\"url\":\"https:\\\/\\\/rightsnow.se\\\/sv\\\/\",\"name\":\"Stiftelsen Rights Now\",\"isPartOf\":{\"@id\":\"https:\\\/\\\/rightsnow.se\\\/sv\\\/#website\"},\"datePublished\":\"2022-10-10T09:37:58+00:00\",\"dateModified\":\"2025-03-06T21:16:49+00:00\",\"description\":\"Stiftelsen Rights Now vill f\u00f6rb\u00e4ttra livet och m\u00f6jligheterna f\u00f6r m\u00e4nniskor i utsatta situationer.\",\"breadcrumb\":{\"@id\":\"https:\\\/\\\/rightsnow.se\\\/sv\\\/#breadcrumb\"},\"inLanguage\":\"sv-SE\",\"potentialAction\":[{\"@type\":\"ReadAction\",\"target\":[\"https:\\\/\\\/rightsnow.se\\\/sv\\\/\"]}]},{\"@type\":\"BreadcrumbList\",\"@id\":\"https:\\\/\\\/rightsnow.se\\\/sv\\\/#breadcrumb\",\"itemListElement\":[{\"@type\":\"ListItem\",\"position\":1,\"name\":\"Hem\",\"item\":\"https:\\\/\\\/rightsnow.se\\\/sv\\\/\"},{\"@type\":\"ListItem\",\"position\":2,\"name\":\"V\u00e4lkommen till Stiftelsen Rights Now\"}]},{\"@type\":\"WebSite\",\"@id\":\"https:\\\/\\\/rightsnow.se\\\/sv\\\/#website\",\"url\":\"https:\\\/\\\/rightsnow.se\\\/sv\\\/\",\"name\":\"Rights Now Foundation\",\"description\":\"Improving lives of humans\",\"publisher\":{\"@id\":\"https:\\\/\\\/rightsnow.se\\\/sv\\\/#organization\"},\"potentialAction\":[{\"@type\":\"SearchAction\",\"target\":{\"@type\":\"EntryPoint\",\"urlTemplate\":\"https:\\\/\\\/rightsnow.se\\\/sv\\\/?s={search_term_string}\"},\"query-input\":{\"@type\":\"PropertyValueSpecification\",\"valueRequired\":true,\"valueName\":\"search_term_string\"}}],\"inLanguage\":\"sv-SE\"},{\"@type\":\"Organization\",\"@id\":\"https:\\\/\\\/rightsnow.se\\\/sv\\\/#organization\",\"name\":\"Rights Now Foundation\",\"url\":\"https:\\\/\\\/rightsnow.se\\\/sv\\\/\",\"logo\":{\"@type\":\"ImageObject\",\"inLanguage\":\"sv-SE\",\"@id\":\"https:\\\/\\\/rightsnow.se\\\/sv\\\/#\\\/schema\\\/logo\\\/image\\\/\",\"url\":\"https:\\\/\\\/rightsnow.se\\\/wp-content\\\/uploads\\\/2022\\\/10\\\/rightsnow-logotype.png\",\"contentUrl\":\"https:\\\/\\\/rightsnow.se\\\/wp-content\\\/uploads\\\/2022\\\/10\\\/rightsnow-logotype.png\",\"width\":1237,\"height\":572,\"caption\":\"Rights Now Foundation\"},\"image\":{\"@id\":\"https:\\\/\\\/rightsnow.se\\\/sv\\\/#\\\/schema\\\/logo\\\/image\\\/\"}}]}<\/script>\n<!-- \/ Yoast SEO Premium plugin. -->","yoast_head_json":{"title":"Stiftelsen Rights Now","description":"Stiftelsen Rights Now vill f\u00f6rb\u00e4ttra livet och m\u00f6jligheterna f\u00f6r m\u00e4nniskor i utsatta situationer.","robots":{"index":"index","follow":"follow","max-snippet":"max-snippet:-1","max-image-preview":"max-image-preview:large","max-video-preview":"max-video-preview:-1"},"canonical":"https:\/\/rightsnow.se\/sv\/","og_locale":"sv_SE","og_type":"article","og_title":"V\u00e4lkommen till Stiftelsen Rights Now","og_description":"Stiftelsen Rights Now vill f\u00f6rb\u00e4ttra livet och m\u00f6jligheterna f\u00f6r m\u00e4nniskor i utsatta situationer.","og_url":"https:\/\/rightsnow.se\/sv\/","og_site_name":"Rights Now Foundation","article_modified_time":"2025-03-06T21:16:49+00:00","twitter_card":"summary_large_image","twitter_misc":{"Ber\u00e4knad l\u00e4stid":"1 minut"},"schema":{"@context":"https:\/\/schema.org","@graph":[{"@type":"WebPage","@id":"https:\/\/rightsnow.se\/sv\/","url":"https:\/\/rightsnow.se\/sv\/","name":"Stiftelsen Rights Now","isPartOf":{"@id":"https:\/\/rightsnow.se\/sv\/#website"},"datePublished":"2022-10-10T09:37:58+00:00","dateModified":"2025-03-06T21:16:49+00:00","description":"Stiftelsen Rights Now vill f\u00f6rb\u00e4ttra livet och m\u00f6jligheterna f\u00f6r m\u00e4nniskor i utsatta situationer.","breadcrumb":{"@id":"https:\/\/rightsnow.se\/sv\/#breadcrumb"},"inLanguage":"sv-SE","potentialAction":[{"@type":"ReadAction","target":["https:\/\/rightsnow.se\/sv\/"]}]},{"@type":"BreadcrumbList","@id":"https:\/\/rightsnow.se\/sv\/#breadcrumb","itemListElement":[{"@type":"ListItem","position":1,"name":"Hem","item":"https:\/\/rightsnow.se\/sv\/"},{"@type":"ListItem","position":2,"name":"V\u00e4lkommen till Stiftelsen Rights Now"}]},{"@type":"WebSite","@id":"https:\/\/rightsnow.se\/sv\/#website","url":"https:\/\/rightsnow.se\/sv\/","name":"Rights Now Foundation","description":"Improving lives of humans","publisher":{"@id":"https:\/\/rightsnow.se\/sv\/#organization"},"potentialAction":[{"@type":"SearchAction","target":{"@type":"EntryPoint","urlTemplate":"https:\/\/rightsnow.se\/sv\/?s={search_term_string}"},"query-input":{"@type":"PropertyValueSpecification","valueRequired":true,"valueName":"search_term_string"}}],"inLanguage":"sv-SE"},{"@type":"Organization","@id":"https:\/\/rightsnow.se\/sv\/#organization","name":"Rights Now Foundation","url":"https:\/\/rightsnow.se\/sv\/","logo":{"@type":"ImageObject","inLanguage":"sv-SE","@id":"https:\/\/rightsnow.se\/sv\/#\/schema\/logo\/image\/","url":"https:\/\/rightsnow.se\/wp-content\/uploads\/2022\/10\/rightsnow-logotype.png","contentUrl":"https:\/\/rightsnow.se\/wp-content\/uploads\/2022\/10\/rightsnow-logotype.png","width":1237,"height":572,"caption":"Rights Now Foundation"},"image":{"@id":"https:\/\/rightsnow.se\/sv\/#\/schema\/logo\/image\/"}}]}},"_links":{"self":[{"href":"https:\/\/rightsnow.se\/sv\/wp-json\/wp\/v2\/pages\/43","targetHints":{"allow":["GET"]}}],"collection":[{"href":"https:\/\/rightsnow.se\/sv\/wp-json\/wp\/v2\/pages"}],"about":[{"href":"https:\/\/rightsnow.se\/sv\/wp-json\/wp\/v2\/types\/page"}],"author":[{"embeddable":true,"href":"https:\/\/rightsnow.se\/sv\/wp-json\/wp\/v2\/users\/1"}],"replies":[{"embeddable":true,"href":"https:\/\/rightsnow.se\/sv\/wp-json\/wp\/v2\/comments?post=43"}],"version-history":[{"count":5,"href":"https:\/\/rightsnow.se\/sv\/wp-json\/wp\/v2\/pages\/43\/revisions"}],"predecessor-version":[{"id":3158,"href":"https:\/\/rightsnow.se\/sv\/wp-json\/wp\/v2\/pages\/43\/revisions\/3158"}],"wp:attachment":[{"href":"https:\/\/rightsnow.se\/sv\/wp-json\/wp\/v2\/media?parent=43"}],"curies":[{"name":"wp","href":"https:\/\/api.w.org\/{rel}","templated":true}]}}