{"id":2087,"date":"2022-10-20T11:27:15","date_gmt":"2022-10-20T09:27:15","guid":{"rendered":"https:\/\/rightsnow.se\/stod\/"},"modified":"2025-06-02T11:20:44","modified_gmt":"2025-06-02T09:20:44","slug":"stod","status":"publish","type":"page","link":"https:\/\/rightsnow.se\/sv\/stod\/","title":{"rendered":"Tema"},"content":{"rendered":"\n<p><\/p>\n\n\n\n<h2 class=\"wp-block-heading\" id=\"h-varje-ar-ett-nytt-tema\">Varje \u00e5r &#8211; ett nytt Tema!<\/h2>\n\n\n\n<p>Varje \u00e5r v\u00e4ljer stiftelsen Rights Now ett nytt tema. Temat reflekterar vad vi \u00f6nskar lyfta fram och prioritera i \u00e5rets ans\u00f6kningsomg\u00e5ng. F\u00f6r att kvalificera sig b\u00f6r alla projekt och ans\u00f6kningar relatera till just detta tema, ut\u00f6ver stiftelsens \u00f6vergripande vision och m\u00e5l. Endast projekt och ans\u00f6kningar som faller inom ans\u00f6kningstidens angivna tema kommer att behandlas av stiftelsen.<\/p>\n\n\n\n<h2 class=\"wp-block-heading\" id=\"h-tema-2025-multidimensionell-motstandskraft\" style=\"font-size:25px\">Tema 2025 \u2013 Multidimensionell motst\u00e5ndskraft<\/h2>\n\n\n\n<p><strong>Rights Now utlyser en halv miljon f\u00f6r att \u00f6ka motst\u00e5ndskraften mot multidimensionell fattigdom.  <\/strong><\/p>\n\n\n\n<p>Fattigdom rymmer en rad olika socioekonomiska dimensioner, som m\u00f6jligheten att f\u00e5 tillg\u00e5ng till tj\u00e4nster och sociala trygghetssystem, att uttrycka sina \u00e5sikter och g\u00f6ra val, inflytande och social status, anst\u00e4ndiga arbetsvillkor och livschanser. Det kallas multidimensionell fattigdom och 1,1 miljarder m\u00e4nniskor ber\u00e4knas leva under s\u00e5dana f\u00f6rh\u00e5llanden i v\u00e4rlden idag. Att bek\u00e4mpa fattigdom handlar inte bara om att f\u00f6rb\u00e4ttra\u00a0ekonomi,\u00a0utan om att s\u00e4kra grundl\u00e4ggande r\u00e4ttigheter. (<a href=\"https:\/\/globalamalen.se\/om-globala-malen\/mal-1-ingen-fattigdom\/\">FN Globala m\u00e5l, 2024<\/a>; <a href=\"https:\/\/hdr.undp.org\/content\/2023-global-multidimensional-poverty-index-mpi\">UNDP, Global Multidimensional Poverty Index 2023<\/a>; <a href=\"https:\/\/unglobalcompact.org\/what-is-gc\/our-work\/social\/poverty\">UN Global Compact, 2025<\/a>)<\/p>\n\n\n\n<p><strong>Vi \u00f6nskar att projekt och organisationer som s\u00f6ker anslag inom 2025 \u00e5rs tema bygger multidimensionell motst\u00e5ndskraft i samh\u00e4llet.\u00a0<\/strong>Att bygga motst\u00e5ndskraft hj\u00e4lper inte bara individer utan hela samh\u00e4llen att st\u00e5 emot och \u00e5terh\u00e4mta sig fr\u00e5n kriser och katastrofer, och \u00e4r n\u00f6dv\u00e4ndigt f\u00f6r fortsatt m\u00e4nsklig utveckling.<\/p>\n\n\n\n<p>Projekt och organisationer som s\u00f6ker anslag inom \u00e5rets tema ska bygga multidimensionell motst\u00e5ndskraft\/resiliens i samh\u00e4llet, t.ex. genom att ta fram arbetss\u00e4tt och metoder som skapar f\u00f6ruts\u00e4ttningar f\u00f6r social organisering, eller utf\u00f6ra resultatorienterade \u00e5tg\u00e4rder som st\u00e4rker motst\u00e5ndskraften i fattigdomsutsatta grupper eller omr\u00e5den.<\/p>\n\n\n\n<p>Temat f\u00f6r \u00e5rets utlysning tar avstamp i <a href=\"https:\/\/globalamalen.se\/om-globala-malen\/mal-1-ingen-fattigdom\/\">FN:s globala m\u00e5l nr 1: Ingen fattigdom<\/a>, med s\u00e4rskilt fokus p\u00e5 delm\u00e5len:<br>1:3 Inf\u00f6r sociala trygghetssystem<br>1:5 Bygg motst\u00e5ndskraft mot ekonomiska, sociala och milj\u00f6m\u00e4ssiga kriser<\/p>\n\n\n\n<p>Ans\u00f6kningsperioden startar den 1 juni. Beskriv i ans\u00f6kan hur ert projekt \u00e4r kopplat till det aktuella globala h\u00e5llbarhetsm\u00e5let.<\/p>\n\n\n\n<h2 class=\"wp-block-heading\" id=\"h-\"><\/h2>\n","protected":false},"excerpt":{"rendered":"<p>Varje \u00e5r &#8211; ett nytt Tema! Varje \u00e5r v\u00e4ljer stiftelsen Rights Now ett nytt tema. Temat reflekterar vad vi \u00f6nskar lyfta fram och prioritera i \u00e5rets ans\u00f6kningsomg\u00e5ng&#8230;.<\/p>\n","protected":false},"author":1,"featured_media":1781,"parent":0,"menu_order":40,"comment_status":"closed","ping_status":"closed","template":"","meta":{"_acf_changed":false,"_monsterinsights_skip_tracking":false,"_monsterinsights_sitenote_active":false,"_monsterinsights_sitenote_note":"","_monsterinsights_sitenote_category":0,"footnotes":""},"class_list":["post-2087","page","type-page","status-publish","has-post-thumbnail","hentry"],"acf":[],"yoast_head":"<!-- This site is optimized with the Yoast SEO Premium plugin v27.4 (Yoast SEO v27.4) - https:\/\/yoast.com\/product\/yoast-seo-premium-wordpress\/ -->\n<title>Tema - Rights Now Foundation<\/title>\n<meta name=\"robots\" content=\"index, follow, max-snippet:-1, max-image-preview:large, max-video-preview:-1\" \/>\n<link rel=\"canonical\" href=\"https:\/\/rightsnow.se\/sv\/stod\/\" \/>\n<meta property=\"og:locale\" content=\"sv_SE\" \/>\n<meta property=\"og:type\" content=\"article\" \/>\n<meta property=\"og:title\" content=\"Tema\" \/>\n<meta property=\"og:description\" content=\"Varje \u00e5r &#8211; ett nytt Tema! Varje \u00e5r v\u00e4ljer stiftelsen Rights Now ett nytt tema. Temat reflekterar vad vi \u00f6nskar lyfta fram och prioritera i \u00e5rets ans\u00f6kningsomg\u00e5ng....\" \/>\n<meta property=\"og:url\" content=\"https:\/\/rightsnow.se\/sv\/stod\/\" \/>\n<meta property=\"og:site_name\" content=\"Rights Now Foundation\" \/>\n<meta property=\"article:modified_time\" content=\"2025-06-02T09:20:44+00:00\" \/>\n<meta property=\"og:image\" content=\"https:\/\/rightsnow.se\/wp-content\/uploads\/2016\/04\/Ceszw9OoQD6rwMhfDl9R_render0006-scaled.jpg\" \/>\n\t<meta property=\"og:image:width\" content=\"2560\" \/>\n\t<meta property=\"og:image:height\" content=\"1707\" \/>\n\t<meta property=\"og:image:type\" content=\"image\/jpeg\" \/>\n<meta name=\"twitter:card\" content=\"summary_large_image\" \/>\n<meta name=\"twitter:label1\" content=\"Ber\u00e4knad l\u00e4stid\" \/>\n\t<meta name=\"twitter:data1\" content=\"2 minuter\" \/>\n<script type=\"application\/ld+json\" class=\"yoast-schema-graph\">{\"@context\":\"https:\\\/\\\/schema.org\",\"@graph\":[{\"@type\":\"WebPage\",\"@id\":\"https:\\\/\\\/rightsnow.se\\\/sv\\\/stod\\\/\",\"url\":\"https:\\\/\\\/rightsnow.se\\\/sv\\\/stod\\\/\",\"name\":\"Tema - Rights Now Foundation\",\"isPartOf\":{\"@id\":\"https:\\\/\\\/rightsnow.se\\\/sv\\\/#website\"},\"primaryImageOfPage\":{\"@id\":\"https:\\\/\\\/rightsnow.se\\\/sv\\\/stod\\\/#primaryimage\"},\"image\":{\"@id\":\"https:\\\/\\\/rightsnow.se\\\/sv\\\/stod\\\/#primaryimage\"},\"thumbnailUrl\":\"https:\\\/\\\/rightsnow.se\\\/wp-content\\\/uploads\\\/2016\\\/04\\\/Ceszw9OoQD6rwMhfDl9R_render0006-scaled.jpg\",\"datePublished\":\"2022-10-20T09:27:15+00:00\",\"dateModified\":\"2025-06-02T09:20:44+00:00\",\"breadcrumb\":{\"@id\":\"https:\\\/\\\/rightsnow.se\\\/sv\\\/stod\\\/#breadcrumb\"},\"inLanguage\":\"sv-SE\",\"potentialAction\":[{\"@type\":\"ReadAction\",\"target\":[\"https:\\\/\\\/rightsnow.se\\\/sv\\\/stod\\\/\"]}]},{\"@type\":\"ImageObject\",\"inLanguage\":\"sv-SE\",\"@id\":\"https:\\\/\\\/rightsnow.se\\\/sv\\\/stod\\\/#primaryimage\",\"url\":\"https:\\\/\\\/rightsnow.se\\\/wp-content\\\/uploads\\\/2016\\\/04\\\/Ceszw9OoQD6rwMhfDl9R_render0006-scaled.jpg\",\"contentUrl\":\"https:\\\/\\\/rightsnow.se\\\/wp-content\\\/uploads\\\/2016\\\/04\\\/Ceszw9OoQD6rwMhfDl9R_render0006-scaled.jpg\",\"width\":2560,\"height\":1707},{\"@type\":\"BreadcrumbList\",\"@id\":\"https:\\\/\\\/rightsnow.se\\\/sv\\\/stod\\\/#breadcrumb\",\"itemListElement\":[{\"@type\":\"ListItem\",\"position\":1,\"name\":\"Hem\",\"item\":\"https:\\\/\\\/rightsnow.se\\\/sv\\\/\"},{\"@type\":\"ListItem\",\"position\":2,\"name\":\"Tema\"}]},{\"@type\":\"WebSite\",\"@id\":\"https:\\\/\\\/rightsnow.se\\\/sv\\\/#website\",\"url\":\"https:\\\/\\\/rightsnow.se\\\/sv\\\/\",\"name\":\"Rights Now Foundation\",\"description\":\"Improving lives of humans\",\"publisher\":{\"@id\":\"https:\\\/\\\/rightsnow.se\\\/sv\\\/#organization\"},\"potentialAction\":[{\"@type\":\"SearchAction\",\"target\":{\"@type\":\"EntryPoint\",\"urlTemplate\":\"https:\\\/\\\/rightsnow.se\\\/sv\\\/?s={search_term_string}\"},\"query-input\":{\"@type\":\"PropertyValueSpecification\",\"valueRequired\":true,\"valueName\":\"search_term_string\"}}],\"inLanguage\":\"sv-SE\"},{\"@type\":\"Organization\",\"@id\":\"https:\\\/\\\/rightsnow.se\\\/sv\\\/#organization\",\"name\":\"Rights Now Foundation\",\"url\":\"https:\\\/\\\/rightsnow.se\\\/sv\\\/\",\"logo\":{\"@type\":\"ImageObject\",\"inLanguage\":\"sv-SE\",\"@id\":\"https:\\\/\\\/rightsnow.se\\\/sv\\\/#\\\/schema\\\/logo\\\/image\\\/\",\"url\":\"https:\\\/\\\/rightsnow.se\\\/wp-content\\\/uploads\\\/2022\\\/10\\\/rightsnow-logotype.png\",\"contentUrl\":\"https:\\\/\\\/rightsnow.se\\\/wp-content\\\/uploads\\\/2022\\\/10\\\/rightsnow-logotype.png\",\"width\":1237,\"height\":572,\"caption\":\"Rights Now Foundation\"},\"image\":{\"@id\":\"https:\\\/\\\/rightsnow.se\\\/sv\\\/#\\\/schema\\\/logo\\\/image\\\/\"}}]}<\/script>\n<!-- \/ Yoast SEO Premium plugin. -->","yoast_head_json":{"title":"Tema - Rights Now Foundation","robots":{"index":"index","follow":"follow","max-snippet":"max-snippet:-1","max-image-preview":"max-image-preview:large","max-video-preview":"max-video-preview:-1"},"canonical":"https:\/\/rightsnow.se\/sv\/stod\/","og_locale":"sv_SE","og_type":"article","og_title":"Tema","og_description":"Varje \u00e5r &#8211; ett nytt Tema! Varje \u00e5r v\u00e4ljer stiftelsen Rights Now ett nytt tema. Temat reflekterar vad vi \u00f6nskar lyfta fram och prioritera i \u00e5rets ans\u00f6kningsomg\u00e5ng....","og_url":"https:\/\/rightsnow.se\/sv\/stod\/","og_site_name":"Rights Now Foundation","article_modified_time":"2025-06-02T09:20:44+00:00","og_image":[{"width":2560,"height":1707,"url":"https:\/\/rightsnow.se\/wp-content\/uploads\/2016\/04\/Ceszw9OoQD6rwMhfDl9R_render0006-scaled.jpg","type":"image\/jpeg"}],"twitter_card":"summary_large_image","twitter_misc":{"Ber\u00e4knad l\u00e4stid":"2 minuter"},"schema":{"@context":"https:\/\/schema.org","@graph":[{"@type":"WebPage","@id":"https:\/\/rightsnow.se\/sv\/stod\/","url":"https:\/\/rightsnow.se\/sv\/stod\/","name":"Tema - Rights Now Foundation","isPartOf":{"@id":"https:\/\/rightsnow.se\/sv\/#website"},"primaryImageOfPage":{"@id":"https:\/\/rightsnow.se\/sv\/stod\/#primaryimage"},"image":{"@id":"https:\/\/rightsnow.se\/sv\/stod\/#primaryimage"},"thumbnailUrl":"https:\/\/rightsnow.se\/wp-content\/uploads\/2016\/04\/Ceszw9OoQD6rwMhfDl9R_render0006-scaled.jpg","datePublished":"2022-10-20T09:27:15+00:00","dateModified":"2025-06-02T09:20:44+00:00","breadcrumb":{"@id":"https:\/\/rightsnow.se\/sv\/stod\/#breadcrumb"},"inLanguage":"sv-SE","potentialAction":[{"@type":"ReadAction","target":["https:\/\/rightsnow.se\/sv\/stod\/"]}]},{"@type":"ImageObject","inLanguage":"sv-SE","@id":"https:\/\/rightsnow.se\/sv\/stod\/#primaryimage","url":"https:\/\/rightsnow.se\/wp-content\/uploads\/2016\/04\/Ceszw9OoQD6rwMhfDl9R_render0006-scaled.jpg","contentUrl":"https:\/\/rightsnow.se\/wp-content\/uploads\/2016\/04\/Ceszw9OoQD6rwMhfDl9R_render0006-scaled.jpg","width":2560,"height":1707},{"@type":"BreadcrumbList","@id":"https:\/\/rightsnow.se\/sv\/stod\/#breadcrumb","itemListElement":[{"@type":"ListItem","position":1,"name":"Hem","item":"https:\/\/rightsnow.se\/sv\/"},{"@type":"ListItem","position":2,"name":"Tema"}]},{"@type":"WebSite","@id":"https:\/\/rightsnow.se\/sv\/#website","url":"https:\/\/rightsnow.se\/sv\/","name":"Rights Now Foundation","description":"Improving lives of humans","publisher":{"@id":"https:\/\/rightsnow.se\/sv\/#organization"},"potentialAction":[{"@type":"SearchAction","target":{"@type":"EntryPoint","urlTemplate":"https:\/\/rightsnow.se\/sv\/?s={search_term_string}"},"query-input":{"@type":"PropertyValueSpecification","valueRequired":true,"valueName":"search_term_string"}}],"inLanguage":"sv-SE"},{"@type":"Organization","@id":"https:\/\/rightsnow.se\/sv\/#organization","name":"Rights Now Foundation","url":"https:\/\/rightsnow.se\/sv\/","logo":{"@type":"ImageObject","inLanguage":"sv-SE","@id":"https:\/\/rightsnow.se\/sv\/#\/schema\/logo\/image\/","url":"https:\/\/rightsnow.se\/wp-content\/uploads\/2022\/10\/rightsnow-logotype.png","contentUrl":"https:\/\/rightsnow.se\/wp-content\/uploads\/2022\/10\/rightsnow-logotype.png","width":1237,"height":572,"caption":"Rights Now Foundation"},"image":{"@id":"https:\/\/rightsnow.se\/sv\/#\/schema\/logo\/image\/"}}]}},"_links":{"self":[{"href":"https:\/\/rightsnow.se\/sv\/wp-json\/wp\/v2\/pages\/2087","targetHints":{"allow":["GET"]}}],"collection":[{"href":"https:\/\/rightsnow.se\/sv\/wp-json\/wp\/v2\/pages"}],"about":[{"href":"https:\/\/rightsnow.se\/sv\/wp-json\/wp\/v2\/types\/page"}],"author":[{"embeddable":true,"href":"https:\/\/rightsnow.se\/sv\/wp-json\/wp\/v2\/users\/1"}],"replies":[{"embeddable":true,"href":"https:\/\/rightsnow.se\/sv\/wp-json\/wp\/v2\/comments?post=2087"}],"version-history":[{"count":33,"href":"https:\/\/rightsnow.se\/sv\/wp-json\/wp\/v2\/pages\/2087\/revisions"}],"predecessor-version":[{"id":3217,"href":"https:\/\/rightsnow.se\/sv\/wp-json\/wp\/v2\/pages\/2087\/revisions\/3217"}],"wp:featuredmedia":[{"embeddable":true,"href":"https:\/\/rightsnow.se\/sv\/wp-json\/wp\/v2\/media\/1781"}],"wp:attachment":[{"href":"https:\/\/rightsnow.se\/sv\/wp-json\/wp\/v2\/media?parent=2087"}],"curies":[{"name":"wp","href":"https:\/\/api.w.org\/{rel}","templated":true}]}}