{"id":2085,"date":"2022-10-20T11:21:19","date_gmt":"2022-10-20T09:21:19","guid":{"rendered":"https:\/\/rightsnow.se\/kontakt\/"},"modified":"2025-02-05T23:14:51","modified_gmt":"2025-02-05T22:14:51","slug":"kontakt","status":"publish","type":"page","link":"https:\/\/rightsnow.se\/sv\/kontakt\/","title":{"rendered":"Kontakt"},"content":{"rendered":"\n<p>Stiftelsen Rights Now tar g\u00e4rna emot fr\u00e5gor, id\u00e9er och f\u00f6rslag till samarbeten.<\/p>\n\n\n\n<p>Vi tar g\u00e4rna emot kontakter via: <a href=\"mailto:foundation@rightsnow.se\">stiftelsen@rightsnow.se<\/a><\/p>\n\n\n\n<p>Vi svarar s\u00e5 snabbt vi kan.<\/p>\n\n\n\n<p>N\u00e4r det g\u00e4ller bidrag och ans\u00f6kningar s\u00e5 h\u00e4nvisar vi till den information som presenteras p\u00e5 v\u00e5r websida. L\u00e4s g\u00e4rna under samtliga flikar och ta \u00e4ven del av de vanligaste fr\u00e5gorna i <a href=\"https:\/\/rightsnow.se\/sv\/faq\/\">FAQ<\/a>.<\/p>\n\n\n\n<p>Sista ans\u00f6kningsdag \u00e4r: <u>30 september varje \u00e5r.<\/u> Du kommer att f\u00e5 v\u00e5rt svar i januari\/februari.<\/p>\n\n\n\n<p>P\u00e5 grund av begr\u00e4nsad administrativ kapacitet kan Stiftelsen Rights Now tyv\u00e4rr inte ta emot ans\u00f6kningar som skickas via e-post. P\u00e5 grund av begr\u00e4nsad administrativ kapacitet ser vi helst att ans\u00f6kningar skickas via formul\u00e4ret p\u00e5 webbsidan. Om du f\u00e5r praktiska problem med att skicka in din ans\u00f6kan, v\u00e4nligen kontakta v\u00e5r administrat\u00f6r: <a href=\"mailto:foundation@rightsnow.se\">stiftelsen@rightsnow.se<\/a><\/p>\n\n\n\n<p><strong>Social media<\/strong><\/p>\n\n\n\n<p>Instagram: @rights_now<\/p>\n\n\n\n<p>F\u00f6lj oss p\u00e5 <a href=\"https:\/\/www.linkedin.com\/company\/stiftelsen-rights-now\/posts\/?feedView=all\">LinkedIn<\/a>!<\/p>\n\n\n\n<p><\/p>\n\n\n\n<h2 class=\"wp-block-heading\" id=\"h-stiftelsen-rights-now-s-styrelse\">Stiftelsen Rights Now:s styrelse<\/h2>\n\n\n\n<p><a href=\"https:\/\/rightsnow.se\/sv\/om-oss\/styrelsen\/\">Styrelsen finns att l\u00e4sa h\u00e4r<\/a>.<\/p>\n\n\n\n<h2 class=\"wp-block-heading\" id=\"h-vi-vill-alla-bidra-till-att-skapa-en-varld-dar-alla-manniskor-har-rattigheter-och-mojligheter\"><strong>Vi vill alla bidra till att skapa en v\u00e4rld d\u00e4r alla m\u00e4nniskor har r\u00e4ttigheter och m\u00f6jligheter!<\/strong><\/h2>\n","protected":false},"excerpt":{"rendered":"<p>Stiftelsen Rights Now tar g\u00e4rna emot fr\u00e5gor, id\u00e9er och f\u00f6rslag till samarbeten. Vi tar g\u00e4rna emot kontakter via: stiftelsen@rightsnow.se Vi svarar s\u00e5 snabbt vi kan. N\u00e4r det&#8230;<\/p>\n","protected":false},"author":1,"featured_media":1811,"parent":0,"menu_order":60,"comment_status":"closed","ping_status":"closed","template":"","meta":{"_acf_changed":false,"_monsterinsights_skip_tracking":false,"_monsterinsights_sitenote_active":false,"_monsterinsights_sitenote_note":"","_monsterinsights_sitenote_category":0,"footnotes":""},"class_list":["post-2085","page","type-page","status-publish","has-post-thumbnail","hentry"],"acf":[],"yoast_head":"<!-- This site is optimized with the Yoast SEO Premium plugin v27.4 (Yoast SEO v27.4) - https:\/\/yoast.com\/product\/yoast-seo-premium-wordpress\/ -->\n<title>Kontakt - Rights Now Foundation<\/title>\n<meta name=\"robots\" content=\"index, follow, max-snippet:-1, max-image-preview:large, max-video-preview:-1\" \/>\n<link rel=\"canonical\" href=\"https:\/\/rightsnow.se\/sv\/kontakt\/\" \/>\n<meta property=\"og:locale\" content=\"sv_SE\" \/>\n<meta property=\"og:type\" content=\"article\" \/>\n<meta property=\"og:title\" content=\"Kontakt\" \/>\n<meta property=\"og:description\" content=\"Stiftelsen Rights Now tar g\u00e4rna emot fr\u00e5gor, id\u00e9er och f\u00f6rslag till samarbeten. Vi tar g\u00e4rna emot kontakter via: stiftelsen@rightsnow.se Vi svarar s\u00e5 snabbt vi kan. N\u00e4r det...\" \/>\n<meta property=\"og:url\" content=\"https:\/\/rightsnow.se\/sv\/kontakt\/\" \/>\n<meta property=\"og:site_name\" content=\"Rights Now Foundation\" \/>\n<meta property=\"article:modified_time\" content=\"2025-02-05T22:14:51+00:00\" \/>\n<meta property=\"og:image\" content=\"https:\/\/rightsnow.se\/wp-content\/uploads\/2016\/04\/photo-1414775838024-666765beb5d9-scaled.jpeg\" \/>\n\t<meta property=\"og:image:width\" content=\"2560\" \/>\n\t<meta property=\"og:image:height\" content=\"930\" \/>\n\t<meta property=\"og:image:type\" content=\"image\/jpeg\" \/>\n<meta name=\"twitter:card\" content=\"summary_large_image\" \/>\n<meta name=\"twitter:label1\" content=\"Ber\u00e4knad l\u00e4stid\" \/>\n\t<meta name=\"twitter:data1\" content=\"1 minut\" \/>\n<script type=\"application\/ld+json\" class=\"yoast-schema-graph\">{\"@context\":\"https:\\\/\\\/schema.org\",\"@graph\":[{\"@type\":\"WebPage\",\"@id\":\"https:\\\/\\\/rightsnow.se\\\/sv\\\/kontakt\\\/\",\"url\":\"https:\\\/\\\/rightsnow.se\\\/sv\\\/kontakt\\\/\",\"name\":\"Kontakt - Rights Now Foundation\",\"isPartOf\":{\"@id\":\"https:\\\/\\\/rightsnow.se\\\/sv\\\/#website\"},\"primaryImageOfPage\":{\"@id\":\"https:\\\/\\\/rightsnow.se\\\/sv\\\/kontakt\\\/#primaryimage\"},\"image\":{\"@id\":\"https:\\\/\\\/rightsnow.se\\\/sv\\\/kontakt\\\/#primaryimage\"},\"thumbnailUrl\":\"https:\\\/\\\/rightsnow.se\\\/wp-content\\\/uploads\\\/2016\\\/04\\\/photo-1414775838024-666765beb5d9-scaled.jpeg\",\"datePublished\":\"2022-10-20T09:21:19+00:00\",\"dateModified\":\"2025-02-05T22:14:51+00:00\",\"breadcrumb\":{\"@id\":\"https:\\\/\\\/rightsnow.se\\\/sv\\\/kontakt\\\/#breadcrumb\"},\"inLanguage\":\"sv-SE\",\"potentialAction\":[{\"@type\":\"ReadAction\",\"target\":[\"https:\\\/\\\/rightsnow.se\\\/sv\\\/kontakt\\\/\"]}]},{\"@type\":\"ImageObject\",\"inLanguage\":\"sv-SE\",\"@id\":\"https:\\\/\\\/rightsnow.se\\\/sv\\\/kontakt\\\/#primaryimage\",\"url\":\"https:\\\/\\\/rightsnow.se\\\/wp-content\\\/uploads\\\/2016\\\/04\\\/photo-1414775838024-666765beb5d9-scaled.jpeg\",\"contentUrl\":\"https:\\\/\\\/rightsnow.se\\\/wp-content\\\/uploads\\\/2016\\\/04\\\/photo-1414775838024-666765beb5d9-scaled.jpeg\",\"width\":2560,\"height\":930},{\"@type\":\"BreadcrumbList\",\"@id\":\"https:\\\/\\\/rightsnow.se\\\/sv\\\/kontakt\\\/#breadcrumb\",\"itemListElement\":[{\"@type\":\"ListItem\",\"position\":1,\"name\":\"Hem\",\"item\":\"https:\\\/\\\/rightsnow.se\\\/sv\\\/\"},{\"@type\":\"ListItem\",\"position\":2,\"name\":\"Kontakt\"}]},{\"@type\":\"WebSite\",\"@id\":\"https:\\\/\\\/rightsnow.se\\\/sv\\\/#website\",\"url\":\"https:\\\/\\\/rightsnow.se\\\/sv\\\/\",\"name\":\"Rights Now Foundation\",\"description\":\"Improving lives of humans\",\"publisher\":{\"@id\":\"https:\\\/\\\/rightsnow.se\\\/sv\\\/#organization\"},\"potentialAction\":[{\"@type\":\"SearchAction\",\"target\":{\"@type\":\"EntryPoint\",\"urlTemplate\":\"https:\\\/\\\/rightsnow.se\\\/sv\\\/?s={search_term_string}\"},\"query-input\":{\"@type\":\"PropertyValueSpecification\",\"valueRequired\":true,\"valueName\":\"search_term_string\"}}],\"inLanguage\":\"sv-SE\"},{\"@type\":\"Organization\",\"@id\":\"https:\\\/\\\/rightsnow.se\\\/sv\\\/#organization\",\"name\":\"Rights Now Foundation\",\"url\":\"https:\\\/\\\/rightsnow.se\\\/sv\\\/\",\"logo\":{\"@type\":\"ImageObject\",\"inLanguage\":\"sv-SE\",\"@id\":\"https:\\\/\\\/rightsnow.se\\\/sv\\\/#\\\/schema\\\/logo\\\/image\\\/\",\"url\":\"https:\\\/\\\/rightsnow.se\\\/wp-content\\\/uploads\\\/2022\\\/10\\\/rightsnow-logotype.png\",\"contentUrl\":\"https:\\\/\\\/rightsnow.se\\\/wp-content\\\/uploads\\\/2022\\\/10\\\/rightsnow-logotype.png\",\"width\":1237,\"height\":572,\"caption\":\"Rights Now Foundation\"},\"image\":{\"@id\":\"https:\\\/\\\/rightsnow.se\\\/sv\\\/#\\\/schema\\\/logo\\\/image\\\/\"}}]}<\/script>\n<!-- \/ Yoast SEO Premium plugin. -->","yoast_head_json":{"title":"Kontakt - Rights Now Foundation","robots":{"index":"index","follow":"follow","max-snippet":"max-snippet:-1","max-image-preview":"max-image-preview:large","max-video-preview":"max-video-preview:-1"},"canonical":"https:\/\/rightsnow.se\/sv\/kontakt\/","og_locale":"sv_SE","og_type":"article","og_title":"Kontakt","og_description":"Stiftelsen Rights Now tar g\u00e4rna emot fr\u00e5gor, id\u00e9er och f\u00f6rslag till samarbeten. Vi tar g\u00e4rna emot kontakter via: stiftelsen@rightsnow.se Vi svarar s\u00e5 snabbt vi kan. N\u00e4r det...","og_url":"https:\/\/rightsnow.se\/sv\/kontakt\/","og_site_name":"Rights Now Foundation","article_modified_time":"2025-02-05T22:14:51+00:00","og_image":[{"width":2560,"height":930,"url":"https:\/\/rightsnow.se\/wp-content\/uploads\/2016\/04\/photo-1414775838024-666765beb5d9-scaled.jpeg","type":"image\/jpeg"}],"twitter_card":"summary_large_image","twitter_misc":{"Ber\u00e4knad l\u00e4stid":"1 minut"},"schema":{"@context":"https:\/\/schema.org","@graph":[{"@type":"WebPage","@id":"https:\/\/rightsnow.se\/sv\/kontakt\/","url":"https:\/\/rightsnow.se\/sv\/kontakt\/","name":"Kontakt - Rights Now Foundation","isPartOf":{"@id":"https:\/\/rightsnow.se\/sv\/#website"},"primaryImageOfPage":{"@id":"https:\/\/rightsnow.se\/sv\/kontakt\/#primaryimage"},"image":{"@id":"https:\/\/rightsnow.se\/sv\/kontakt\/#primaryimage"},"thumbnailUrl":"https:\/\/rightsnow.se\/wp-content\/uploads\/2016\/04\/photo-1414775838024-666765beb5d9-scaled.jpeg","datePublished":"2022-10-20T09:21:19+00:00","dateModified":"2025-02-05T22:14:51+00:00","breadcrumb":{"@id":"https:\/\/rightsnow.se\/sv\/kontakt\/#breadcrumb"},"inLanguage":"sv-SE","potentialAction":[{"@type":"ReadAction","target":["https:\/\/rightsnow.se\/sv\/kontakt\/"]}]},{"@type":"ImageObject","inLanguage":"sv-SE","@id":"https:\/\/rightsnow.se\/sv\/kontakt\/#primaryimage","url":"https:\/\/rightsnow.se\/wp-content\/uploads\/2016\/04\/photo-1414775838024-666765beb5d9-scaled.jpeg","contentUrl":"https:\/\/rightsnow.se\/wp-content\/uploads\/2016\/04\/photo-1414775838024-666765beb5d9-scaled.jpeg","width":2560,"height":930},{"@type":"BreadcrumbList","@id":"https:\/\/rightsnow.se\/sv\/kontakt\/#breadcrumb","itemListElement":[{"@type":"ListItem","position":1,"name":"Hem","item":"https:\/\/rightsnow.se\/sv\/"},{"@type":"ListItem","position":2,"name":"Kontakt"}]},{"@type":"WebSite","@id":"https:\/\/rightsnow.se\/sv\/#website","url":"https:\/\/rightsnow.se\/sv\/","name":"Rights Now Foundation","description":"Improving lives of humans","publisher":{"@id":"https:\/\/rightsnow.se\/sv\/#organization"},"potentialAction":[{"@type":"SearchAction","target":{"@type":"EntryPoint","urlTemplate":"https:\/\/rightsnow.se\/sv\/?s={search_term_string}"},"query-input":{"@type":"PropertyValueSpecification","valueRequired":true,"valueName":"search_term_string"}}],"inLanguage":"sv-SE"},{"@type":"Organization","@id":"https:\/\/rightsnow.se\/sv\/#organization","name":"Rights Now Foundation","url":"https:\/\/rightsnow.se\/sv\/","logo":{"@type":"ImageObject","inLanguage":"sv-SE","@id":"https:\/\/rightsnow.se\/sv\/#\/schema\/logo\/image\/","url":"https:\/\/rightsnow.se\/wp-content\/uploads\/2022\/10\/rightsnow-logotype.png","contentUrl":"https:\/\/rightsnow.se\/wp-content\/uploads\/2022\/10\/rightsnow-logotype.png","width":1237,"height":572,"caption":"Rights Now Foundation"},"image":{"@id":"https:\/\/rightsnow.se\/sv\/#\/schema\/logo\/image\/"}}]}},"_links":{"self":[{"href":"https:\/\/rightsnow.se\/sv\/wp-json\/wp\/v2\/pages\/2085","targetHints":{"allow":["GET"]}}],"collection":[{"href":"https:\/\/rightsnow.se\/sv\/wp-json\/wp\/v2\/pages"}],"about":[{"href":"https:\/\/rightsnow.se\/sv\/wp-json\/wp\/v2\/types\/page"}],"author":[{"embeddable":true,"href":"https:\/\/rightsnow.se\/sv\/wp-json\/wp\/v2\/users\/1"}],"replies":[{"embeddable":true,"href":"https:\/\/rightsnow.se\/sv\/wp-json\/wp\/v2\/comments?post=2085"}],"version-history":[{"count":7,"href":"https:\/\/rightsnow.se\/sv\/wp-json\/wp\/v2\/pages\/2085\/revisions"}],"predecessor-version":[{"id":3146,"href":"https:\/\/rightsnow.se\/sv\/wp-json\/wp\/v2\/pages\/2085\/revisions\/3146"}],"wp:featuredmedia":[{"embeddable":true,"href":"https:\/\/rightsnow.se\/sv\/wp-json\/wp\/v2\/media\/1811"}],"wp:attachment":[{"href":"https:\/\/rightsnow.se\/sv\/wp-json\/wp\/v2\/media?parent=2085"}],"curies":[{"name":"wp","href":"https:\/\/api.w.org\/{rel}","templated":true}]}}