{"id":2072,"date":"2022-10-20T11:11:42","date_gmt":"2022-10-20T09:11:42","guid":{"rendered":"https:\/\/rightsnow.se\/om-oss\/styrelsen\/"},"modified":"2025-04-10T15:58:18","modified_gmt":"2025-04-10T13:58:18","slug":"styrelsen","status":"publish","type":"page","link":"https:\/\/rightsnow.se\/sv\/om-oss\/styrelsen\/","title":{"rendered":"Styrelsen"},"content":{"rendered":"\n<p>Styrelsen har f\u00f6ljande medlemmar:<\/p>\n\n\n\n<p>Ordf\u00f6rande: Janna Hellerup Ulvselius<\/p>\n\n\n\n<p>Jonas Wihlstrand <\/p>\n\n\n\n<p>Ellen Almgren<\/p>\n\n\n\n<p>Gunilla Bergh<\/p>\n\n\n\n<p>Vera Holm<\/p>\n\n\n\n<p>Henry Muyingo<\/p>\n\n\n\n<p>Camilla Sahibzada<\/p>\n\n\n\n<p>Maria Tegin <\/p>\n\n\n\n<p>Jakob Janson<\/p>\n\n\n\n<p>Rajia Addo Faddaoui<\/p>\n\n\n\n<p>Suppleanter: Viveka Bergh, Kristian \u00c4ngeby, Annelie Drewsen<\/p>\n\n\n\n<p>Adminitrat\u00f6r: Evelina Lindkvist<\/p>\n\n\n\n<h2 class=\"wp-block-heading\" id=\"h-vi-vill-alla-bidra-till-att-skapa-en-varld-dar-alla-manniskor-har-rattigheter-och-mojligheter\">Vi vill alla bidra till att skapa en v\u00e4rld d\u00e4r alla m\u00e4nniskor har r\u00e4ttigheter och m\u00f6jligheter!<\/h2>\n\n\n\n<p>Kontakta styrelsen via e-post: <a href=\"mailto:foundation@rightsnow.se\">stiftelsen@rightsnow.se<\/a><\/p>\n","protected":false},"excerpt":{"rendered":"<p>Styrelsen har f\u00f6ljande medlemmar: Ordf\u00f6rande: Janna Hellerup Ulvselius Jonas Wihlstrand Ellen Almgren Gunilla Bergh Vera Holm Henry Muyingo Camilla Sahibzada Maria Tegin Jakob Janson Rajia Addo Faddaoui&#8230;<\/p>\n","protected":false},"author":1,"featured_media":1875,"parent":2064,"menu_order":10,"comment_status":"closed","ping_status":"closed","template":"","meta":{"_acf_changed":false,"_monsterinsights_skip_tracking":false,"_monsterinsights_sitenote_active":false,"_monsterinsights_sitenote_note":"","_monsterinsights_sitenote_category":0,"footnotes":""},"class_list":["post-2072","page","type-page","status-publish","has-post-thumbnail","hentry"],"acf":[],"yoast_head":"<!-- This site is optimized with the Yoast SEO Premium plugin v27.4 (Yoast SEO v27.4) - https:\/\/yoast.com\/product\/yoast-seo-premium-wordpress\/ -->\n<title>Styrelsen - Rights Now Foundation<\/title>\n<meta name=\"robots\" content=\"index, follow, max-snippet:-1, max-image-preview:large, max-video-preview:-1\" \/>\n<link rel=\"canonical\" href=\"https:\/\/rightsnow.se\/sv\/om-oss\/styrelsen\/\" \/>\n<meta property=\"og:locale\" content=\"sv_SE\" \/>\n<meta property=\"og:type\" content=\"article\" \/>\n<meta property=\"og:title\" content=\"Styrelsen\" \/>\n<meta property=\"og:description\" content=\"Styrelsen har f\u00f6ljande medlemmar: Ordf\u00f6rande: Janna Hellerup Ulvselius Jonas Wihlstrand Ellen Almgren Gunilla Bergh Vera Holm Henry Muyingo Camilla Sahibzada Maria Tegin Jakob Janson Rajia Addo Faddaoui...\" \/>\n<meta property=\"og:url\" content=\"https:\/\/rightsnow.se\/sv\/om-oss\/styrelsen\/\" \/>\n<meta property=\"og:site_name\" content=\"Rights Now Foundation\" \/>\n<meta property=\"article:modified_time\" content=\"2025-04-10T13:58:18+00:00\" \/>\n<meta property=\"og:image\" content=\"https:\/\/rightsnow.se\/wp-content\/uploads\/2016\/05\/foundation-scaled.jpg\" \/>\n\t<meta property=\"og:image:width\" content=\"2560\" \/>\n\t<meta property=\"og:image:height\" content=\"1615\" \/>\n\t<meta property=\"og:image:type\" content=\"image\/jpeg\" \/>\n<meta name=\"twitter:card\" content=\"summary_large_image\" \/>\n<meta name=\"twitter:label1\" content=\"Ber\u00e4knad l\u00e4stid\" \/>\n\t<meta name=\"twitter:data1\" content=\"1 minut\" \/>\n<script type=\"application\/ld+json\" class=\"yoast-schema-graph\">{\"@context\":\"https:\\\/\\\/schema.org\",\"@graph\":[{\"@type\":\"WebPage\",\"@id\":\"https:\\\/\\\/rightsnow.se\\\/sv\\\/om-oss\\\/styrelsen\\\/\",\"url\":\"https:\\\/\\\/rightsnow.se\\\/sv\\\/om-oss\\\/styrelsen\\\/\",\"name\":\"Styrelsen - Rights Now Foundation\",\"isPartOf\":{\"@id\":\"https:\\\/\\\/rightsnow.se\\\/sv\\\/#website\"},\"primaryImageOfPage\":{\"@id\":\"https:\\\/\\\/rightsnow.se\\\/sv\\\/om-oss\\\/styrelsen\\\/#primaryimage\"},\"image\":{\"@id\":\"https:\\\/\\\/rightsnow.se\\\/sv\\\/om-oss\\\/styrelsen\\\/#primaryimage\"},\"thumbnailUrl\":\"https:\\\/\\\/rightsnow.se\\\/wp-content\\\/uploads\\\/2016\\\/05\\\/foundation-scaled.jpg\",\"datePublished\":\"2022-10-20T09:11:42+00:00\",\"dateModified\":\"2025-04-10T13:58:18+00:00\",\"breadcrumb\":{\"@id\":\"https:\\\/\\\/rightsnow.se\\\/sv\\\/om-oss\\\/styrelsen\\\/#breadcrumb\"},\"inLanguage\":\"sv-SE\",\"potentialAction\":[{\"@type\":\"ReadAction\",\"target\":[\"https:\\\/\\\/rightsnow.se\\\/sv\\\/om-oss\\\/styrelsen\\\/\"]}]},{\"@type\":\"ImageObject\",\"inLanguage\":\"sv-SE\",\"@id\":\"https:\\\/\\\/rightsnow.se\\\/sv\\\/om-oss\\\/styrelsen\\\/#primaryimage\",\"url\":\"https:\\\/\\\/rightsnow.se\\\/wp-content\\\/uploads\\\/2016\\\/05\\\/foundation-scaled.jpg\",\"contentUrl\":\"https:\\\/\\\/rightsnow.se\\\/wp-content\\\/uploads\\\/2016\\\/05\\\/foundation-scaled.jpg\",\"width\":2560,\"height\":1615},{\"@type\":\"BreadcrumbList\",\"@id\":\"https:\\\/\\\/rightsnow.se\\\/sv\\\/om-oss\\\/styrelsen\\\/#breadcrumb\",\"itemListElement\":[{\"@type\":\"ListItem\",\"position\":1,\"name\":\"Hem\",\"item\":\"https:\\\/\\\/rightsnow.se\\\/sv\\\/\"},{\"@type\":\"ListItem\",\"position\":2,\"name\":\"Om oss\",\"item\":\"https:\\\/\\\/rightsnow.se\\\/sv\\\/om-oss\\\/\"},{\"@type\":\"ListItem\",\"position\":3,\"name\":\"Styrelsen\"}]},{\"@type\":\"WebSite\",\"@id\":\"https:\\\/\\\/rightsnow.se\\\/sv\\\/#website\",\"url\":\"https:\\\/\\\/rightsnow.se\\\/sv\\\/\",\"name\":\"Rights Now Foundation\",\"description\":\"Improving lives of humans\",\"publisher\":{\"@id\":\"https:\\\/\\\/rightsnow.se\\\/sv\\\/#organization\"},\"potentialAction\":[{\"@type\":\"SearchAction\",\"target\":{\"@type\":\"EntryPoint\",\"urlTemplate\":\"https:\\\/\\\/rightsnow.se\\\/sv\\\/?s={search_term_string}\"},\"query-input\":{\"@type\":\"PropertyValueSpecification\",\"valueRequired\":true,\"valueName\":\"search_term_string\"}}],\"inLanguage\":\"sv-SE\"},{\"@type\":\"Organization\",\"@id\":\"https:\\\/\\\/rightsnow.se\\\/sv\\\/#organization\",\"name\":\"Rights Now Foundation\",\"url\":\"https:\\\/\\\/rightsnow.se\\\/sv\\\/\",\"logo\":{\"@type\":\"ImageObject\",\"inLanguage\":\"sv-SE\",\"@id\":\"https:\\\/\\\/rightsnow.se\\\/sv\\\/#\\\/schema\\\/logo\\\/image\\\/\",\"url\":\"https:\\\/\\\/rightsnow.se\\\/wp-content\\\/uploads\\\/2022\\\/10\\\/rightsnow-logotype.png\",\"contentUrl\":\"https:\\\/\\\/rightsnow.se\\\/wp-content\\\/uploads\\\/2022\\\/10\\\/rightsnow-logotype.png\",\"width\":1237,\"height\":572,\"caption\":\"Rights Now Foundation\"},\"image\":{\"@id\":\"https:\\\/\\\/rightsnow.se\\\/sv\\\/#\\\/schema\\\/logo\\\/image\\\/\"}}]}<\/script>\n<!-- \/ Yoast SEO Premium plugin. -->","yoast_head_json":{"title":"Styrelsen - Rights Now Foundation","robots":{"index":"index","follow":"follow","max-snippet":"max-snippet:-1","max-image-preview":"max-image-preview:large","max-video-preview":"max-video-preview:-1"},"canonical":"https:\/\/rightsnow.se\/sv\/om-oss\/styrelsen\/","og_locale":"sv_SE","og_type":"article","og_title":"Styrelsen","og_description":"Styrelsen har f\u00f6ljande medlemmar: Ordf\u00f6rande: Janna Hellerup Ulvselius Jonas Wihlstrand Ellen Almgren Gunilla Bergh Vera Holm Henry Muyingo Camilla Sahibzada Maria Tegin Jakob Janson Rajia Addo Faddaoui...","og_url":"https:\/\/rightsnow.se\/sv\/om-oss\/styrelsen\/","og_site_name":"Rights Now Foundation","article_modified_time":"2025-04-10T13:58:18+00:00","og_image":[{"width":2560,"height":1615,"url":"https:\/\/rightsnow.se\/wp-content\/uploads\/2016\/05\/foundation-scaled.jpg","type":"image\/jpeg"}],"twitter_card":"summary_large_image","twitter_misc":{"Ber\u00e4knad l\u00e4stid":"1 minut"},"schema":{"@context":"https:\/\/schema.org","@graph":[{"@type":"WebPage","@id":"https:\/\/rightsnow.se\/sv\/om-oss\/styrelsen\/","url":"https:\/\/rightsnow.se\/sv\/om-oss\/styrelsen\/","name":"Styrelsen - Rights Now Foundation","isPartOf":{"@id":"https:\/\/rightsnow.se\/sv\/#website"},"primaryImageOfPage":{"@id":"https:\/\/rightsnow.se\/sv\/om-oss\/styrelsen\/#primaryimage"},"image":{"@id":"https:\/\/rightsnow.se\/sv\/om-oss\/styrelsen\/#primaryimage"},"thumbnailUrl":"https:\/\/rightsnow.se\/wp-content\/uploads\/2016\/05\/foundation-scaled.jpg","datePublished":"2022-10-20T09:11:42+00:00","dateModified":"2025-04-10T13:58:18+00:00","breadcrumb":{"@id":"https:\/\/rightsnow.se\/sv\/om-oss\/styrelsen\/#breadcrumb"},"inLanguage":"sv-SE","potentialAction":[{"@type":"ReadAction","target":["https:\/\/rightsnow.se\/sv\/om-oss\/styrelsen\/"]}]},{"@type":"ImageObject","inLanguage":"sv-SE","@id":"https:\/\/rightsnow.se\/sv\/om-oss\/styrelsen\/#primaryimage","url":"https:\/\/rightsnow.se\/wp-content\/uploads\/2016\/05\/foundation-scaled.jpg","contentUrl":"https:\/\/rightsnow.se\/wp-content\/uploads\/2016\/05\/foundation-scaled.jpg","width":2560,"height":1615},{"@type":"BreadcrumbList","@id":"https:\/\/rightsnow.se\/sv\/om-oss\/styrelsen\/#breadcrumb","itemListElement":[{"@type":"ListItem","position":1,"name":"Hem","item":"https:\/\/rightsnow.se\/sv\/"},{"@type":"ListItem","position":2,"name":"Om oss","item":"https:\/\/rightsnow.se\/sv\/om-oss\/"},{"@type":"ListItem","position":3,"name":"Styrelsen"}]},{"@type":"WebSite","@id":"https:\/\/rightsnow.se\/sv\/#website","url":"https:\/\/rightsnow.se\/sv\/","name":"Rights Now Foundation","description":"Improving lives of humans","publisher":{"@id":"https:\/\/rightsnow.se\/sv\/#organization"},"potentialAction":[{"@type":"SearchAction","target":{"@type":"EntryPoint","urlTemplate":"https:\/\/rightsnow.se\/sv\/?s={search_term_string}"},"query-input":{"@type":"PropertyValueSpecification","valueRequired":true,"valueName":"search_term_string"}}],"inLanguage":"sv-SE"},{"@type":"Organization","@id":"https:\/\/rightsnow.se\/sv\/#organization","name":"Rights Now Foundation","url":"https:\/\/rightsnow.se\/sv\/","logo":{"@type":"ImageObject","inLanguage":"sv-SE","@id":"https:\/\/rightsnow.se\/sv\/#\/schema\/logo\/image\/","url":"https:\/\/rightsnow.se\/wp-content\/uploads\/2022\/10\/rightsnow-logotype.png","contentUrl":"https:\/\/rightsnow.se\/wp-content\/uploads\/2022\/10\/rightsnow-logotype.png","width":1237,"height":572,"caption":"Rights Now Foundation"},"image":{"@id":"https:\/\/rightsnow.se\/sv\/#\/schema\/logo\/image\/"}}]}},"_links":{"self":[{"href":"https:\/\/rightsnow.se\/sv\/wp-json\/wp\/v2\/pages\/2072","targetHints":{"allow":["GET"]}}],"collection":[{"href":"https:\/\/rightsnow.se\/sv\/wp-json\/wp\/v2\/pages"}],"about":[{"href":"https:\/\/rightsnow.se\/sv\/wp-json\/wp\/v2\/types\/page"}],"author":[{"embeddable":true,"href":"https:\/\/rightsnow.se\/sv\/wp-json\/wp\/v2\/users\/1"}],"replies":[{"embeddable":true,"href":"https:\/\/rightsnow.se\/sv\/wp-json\/wp\/v2\/comments?post=2072"}],"version-history":[{"count":7,"href":"https:\/\/rightsnow.se\/sv\/wp-json\/wp\/v2\/pages\/2072\/revisions"}],"predecessor-version":[{"id":3177,"href":"https:\/\/rightsnow.se\/sv\/wp-json\/wp\/v2\/pages\/2072\/revisions\/3177"}],"up":[{"embeddable":true,"href":"https:\/\/rightsnow.se\/sv\/wp-json\/wp\/v2\/pages\/2064"}],"wp:featuredmedia":[{"embeddable":true,"href":"https:\/\/rightsnow.se\/sv\/wp-json\/wp\/v2\/media\/1875"}],"wp:attachment":[{"href":"https:\/\/rightsnow.se\/sv\/wp-json\/wp\/v2\/media?parent=2072"}],"curies":[{"name":"wp","href":"https:\/\/api.w.org\/{rel}","templated":true}]}}