{"id":2064,"date":"2022-10-20T11:07:46","date_gmt":"2022-10-20T09:07:46","guid":{"rendered":"https:\/\/rightsnow.se\/om-oss\/"},"modified":"2026-04-20T09:55:46","modified_gmt":"2026-04-20T07:55:46","slug":"om-oss","status":"publish","type":"page","link":"https:\/\/rightsnow.se\/sv\/om-oss\/","title":{"rendered":"Om oss"},"content":{"rendered":"\n<h2 class=\"wp-block-heading\" id=\"h-nbsp\">&nbsp;<\/h2>\n\n\n\n<h2 class=\"wp-block-heading\" id=\"h-vad-ar-stiftelsen-rights-now\">Vad \u00e4r Stiftelsen Rights Now<\/h2>\n\n\n\n<p>Rights Now \u00e4r en stiftelse som vill f\u00f6rb\u00e4ttra livsvillkoren och livschanserna f\u00f6r m\u00e4nniskor i utsatta situationer. Vi ger ekonomiska bidrag till olika organisationer och projekt. Genom att ocks\u00e5 sprida information och kunskap fr\u00e5n de insatser vi st\u00f6djer hoppas vi kunna inspirera andra och p\u00e5verka samh\u00e4llet i positiv riktning.<\/p>\n\n\n\n<p>Sammantaget vill vi \u00e5stadkomma en f\u00f6r\u00e4ndring mot en mer r\u00e4ttvis och j\u00e4mlik v\u00e4rld. Vi vill genom samarbeten och riktat ekonomiskt st\u00f6d bidra till att f\u00f6rb\u00e4ttra livet f\u00f6r m\u00e4nniskor i utsatta situationer. Det handlar konkret om att f\u00f6r\u00e4ndra och f\u00f6rb\u00e4ttra livsvillkoren och f\u00f6ruts\u00e4ttningarna f\u00f6r individer eller samh\u00e4llsgrupper som idag kan s\u00e4gas vara ber\u00f6vade sina grundl\u00e4ggande m\u00e4nskliga r\u00e4ttigheter.<\/p>\n\n\n\n<p>Stiftelsen Rights Now ger ekonomiska bidrag till icke-vinstdrivande organisationer i det civila samh\u00e4llet v\u00e4rlden \u00f6ver. Organisationer kan ans\u00f6ka om st\u00f6d till projekt och aktiviteter som fr\u00e4mjar m\u00e4nskliga r\u00e4ttigheter och f\u00f6rb\u00e4ttrar livsvillkor f\u00f6r individer och grupper som befinner sig i utsatta och s\u00e5rbara situationer. Vi vill bidra till socialt h\u00e5llbara samh\u00e4llen som \u00e4r j\u00e4mlika, toleranta och inkluderande. De projekt vi st\u00f6ttar inkluderar alltid kunskaps-, medvetande- och kapacitetsh\u00f6jande insatser.<\/p>\n\n\n\n<p>Rights Now st\u00f6djer insatser som:<\/p>\n\n\n\n<ul class=\"wp-block-list\">\n<li>Ger m\u00e4nniskor \u00f6kad makt, mer inflytande och fler valm\u00f6jligheter<\/li>\n\n\n\n<li>Bidrar till social h\u00e5llbarhet och social mobilisering<\/li>\n\n\n\n<li>Fr\u00e4mjar dialog och gr\u00e4ns\u00f6verskridande m\u00f6ten, mellan individer och olika grupper i samh\u00e4llet<\/li>\n<\/ul>\n\n\n\n<div class=\"wp-block-group is-nowrap is-layout-flex wp-container-core-group-is-layout-ad2f72ca wp-block-group-is-layout-flex\">\n<figure class=\"wp-block-image size-full\"><img loading=\"lazy\" decoding=\"async\" width=\"409\" height=\"546\" src=\"https:\/\/rightsnow.se\/wp-content\/uploads\/2023\/06\/image-8.png\" alt=\"\" class=\"wp-image-2521\" srcset=\"https:\/\/rightsnow.se\/wp-content\/uploads\/2023\/06\/image-8.png 409w, https:\/\/rightsnow.se\/wp-content\/uploads\/2023\/06\/image-8-225x300.png 225w\" sizes=\"auto, (max-width: 409px) 100vw, 409px\" \/><\/figure>\n\n\n\n<figure class=\"wp-block-image size-full\"><img loading=\"lazy\" decoding=\"async\" width=\"560\" height=\"546\" src=\"https:\/\/rightsnow.se\/wp-content\/uploads\/2023\/06\/image-9.png\" alt=\"\" class=\"wp-image-2523\" srcset=\"https:\/\/rightsnow.se\/wp-content\/uploads\/2023\/06\/image-9.png 560w, https:\/\/rightsnow.se\/wp-content\/uploads\/2023\/06\/image-9-300x293.png 300w\" sizes=\"auto, (max-width: 560px) 100vw, 560px\" \/><\/figure>\n<\/div>\n\n\n\n<p class=\"has-small-font-size\"><em>ALEF 2022. Projekt: Studiegrupper f\u00f6r l\u00e4skunnighet och sj\u00e4lvhj\u00e4lp i Uganda. <\/em><\/p>\n\n\n\n<p>V\u00e5r vision \u00e4r en v\u00e4rld d\u00e4r m\u00e4nniskors r\u00e4ttigheter \u00e4r tillgodosedda. En v\u00e4rld d\u00e4r varje m\u00e4nniska respekteras och uppskattas, d\u00e4r m\u00e4nniskor har makt och inflytande, m\u00f6jligheter och framtidstro. Det \u00e4r en v\u00e4rld d\u00e4r m\u00e4nniskor -oberoende av k\u00f6n, \u00e5lder, klass, socialgrupp, etnisk tillh\u00f6righet, religion, sexuell l\u00e4ggning, k\u00f6nsidentitet, nationalitet, geografisk plats, funktionsvariation, eller andra f\u00f6rh\u00e5llanden som f\u00f6renar eller skiljer m\u00e4nniskor \u00e5t \u2013 har sociala, politiska och ekonomiska m\u00f6jligheter att p\u00e5verka den egna livssituationen och att aktivt delta i samh\u00e4llet och dess utformning.<\/p>\n\n\n\n<p>Stiftelsen Rights Now:s v\u00e4rdegrund vilar p\u00e5 \u00f6vertygelsen att alla m\u00e4nniskor i v\u00e4rlden \u00e4r f\u00f6dda fria och lika i v\u00e4rde och r\u00e4ttigheter. Som vi ser det pekar m\u00e4nskliga r\u00e4ttigheter p\u00e5 att alla m\u00e4nniskor ska kunna leva anst\u00e4ndiga liv. De m\u00e4nskliga r\u00e4ttigheterna t\u00e4cker in m\u00e5nga delar av en m\u00e4nniskas liv. De syftar till att alla m\u00e4nniskor ska f\u00e5 m\u00f6jlighet att leva ett dr\u00e4gligt liv, och n\u00e4mner vilka f\u00f6ruts\u00e4ttningar som kr\u00e4vs \u2013 som exempelvis f\u00f6da, boende, h\u00e4lsa, utbildning, f\u00f6rs\u00f6rjning, trygghet och s\u00e4kerhet, frihet fr\u00e5n tortyr och slaveri, yttrandefrihet, r\u00e4tt till sina innersta tankar och uppfattningar om religion och ideologi, deltagande i samh\u00e4llet och i landets styrelse.<\/p>\n\n\n\n<p>M\u00e4nskliga r\u00e4ttigheter \u00e4r universella \u2013 de g\u00e4ller \u00f6ver hela v\u00e4rlden, oavsett land, kultur eller specifik situation.<\/p>\n\n\n\n<div class=\"wp-block-group is-nowrap is-layout-flex wp-container-core-group-is-layout-ad2f72ca wp-block-group-is-layout-flex\">\n<figure class=\"wp-block-image size-full\"><img loading=\"lazy\" decoding=\"async\" width=\"446\" height=\"381\" src=\"https:\/\/rightsnow.se\/wp-content\/uploads\/2023\/06\/image-6.png\" alt=\"\" class=\"wp-image-2515\" srcset=\"https:\/\/rightsnow.se\/wp-content\/uploads\/2023\/06\/image-6.png 446w, https:\/\/rightsnow.se\/wp-content\/uploads\/2023\/06\/image-6-300x256.png 300w\" sizes=\"auto, (max-width: 446px) 100vw, 446px\" \/><\/figure>\n\n\n\n<figure class=\"wp-block-image size-full\"><img loading=\"lazy\" decoding=\"async\" width=\"508\" height=\"381\" src=\"https:\/\/rightsnow.se\/wp-content\/uploads\/2023\/06\/image-7.png\" alt=\"\" class=\"wp-image-2517\" srcset=\"https:\/\/rightsnow.se\/wp-content\/uploads\/2023\/06\/image-7.png 508w, https:\/\/rightsnow.se\/wp-content\/uploads\/2023\/06\/image-7-300x225.png 300w\" sizes=\"auto, (max-width: 508px) 100vw, 508px\" \/><\/figure>\n<\/div>\n\n\n\n<p class=\"has-small-font-size\"><em>Coloboratie Lund &#8211; Maxenu 2019. Projekt: Afterschool in Romania. <\/em><\/p>\n\n\n\n<h2 class=\"wp-block-heading\" id=\"h-etiska-och-hallbara-investeringar\"><b>Etiska och h\u00e5llbara investeringar<\/b><\/h2>\n\n\n\n<p>Stiftelsen Rights Now finans- och investeringspolicy f\u00f6ljer etiska riktlinjer, internationella normer och standarder. Policyn ses \u00f6ver kontinuerligt f\u00f6r att h\u00e5lla h\u00f6gsta m\u00f6jliga standard vad g\u00e4ller etik och h\u00e5llbarhet, baserat p\u00e5 aktuell kunskap och praxis.<\/p>\n\n\n\n<p class=\"has-medium-font-size\"><strong>L\u00e4s v\u00e5r finans- och investeringspolicy i detalj <a href=\"https:\/\/rightsnow.se\/wp-content\/uploads\/2023\/06\/Finans-och-investeringspolicy.pdf\">h\u00e4r<\/a>.<\/strong><\/p>\n\n\n\n<p><em>Bilder p\u00e5 rightsnow.se fr\u00e5n Unsplash anv\u00e4nder r\u00e4ttigheter enligt Creative Commons Zero. Om bilder \u00e4r delar av rapporter till Rights Now eller skapade i egen regi s\u00e5 g\u00e4ller f\u00f6ljande:<\/em><\/p>\n\n\n\n<p><em><a href=\"http:\/\/creativecommons.org\/licenses\/by-nc\/4.0\/\" rel=\"license\"><img decoding=\"async\" style=\"border-width: 0;\" src=\"https:\/\/i.creativecommons.org\/l\/by-nc\/4.0\/88x31.png\" alt=\"Creative Commons License\"><\/a><\/em><br><em>Detta arbete \u00e4r licensierat under <a href=\"https:\/\/creativecommons.org\/licenses\/by-nc\/4.0\/\">Creative Commons Attribution-NonCommercial 4.0 International License<\/a>.<\/em><\/p>\n\n\n\n<p class=\"has-large-font-size\" style=\"font-style:normal;font-weight:900\"><b>Nyheter!<\/b><\/p>\n\n\n\n<p><strong>Multidimensionell motst\u00e5ndskraft &#8211; Fyra projekt f\u00e5r finansiering<\/strong><br>Fyra projekt beviljas finansiering av stiftelsen Rights Now i 2025 \u00e5rs utlysning. Utlysningen var ursprungligen p\u00e5 en halv miljon kronor. De m\u00e5nga och h\u00f6gkvalitativa projekt och organisationer som s\u00f6kt finansiering inom temat, att \u00f6ka motst\u00e5ndskraften mot multidimensionell fattigdom, gjorde att styrelsen fattade beslut om att ut\u00f6ka finansieringen och efter ett nytt rekord i antal ans\u00f6kningar har styrelsen i Rights Now valt ut:&nbsp;<\/p>\n\n\n\n<ul class=\"wp-block-list\">\n<li><em><strong>Projekt: <\/strong>Hive, <strong>Organisation<\/strong>: World Action Fund (Uganda) &#8211; <\/em>Projektet syftar till att utveckla verksamheten f\u00f6r runt 100 sm\u00e5skaliga biodlare\/honungsproducenter. Ytterligare 40 personer i behov av syssels\u00e4ttning, varav h\u00e4lften \u00e4r kvinnor och unga vuxna, kommer att f\u00f6rses med bikupor och f\u00e5 hj\u00e4lp att starta sin verksamhet. Genom utbildning, b\u00e4ttre utrustning och att etablera kontakt med marknadsplatser skapas effektivare produktionsmetoder och f\u00f6rs\u00e4ljningsm\u00f6jligheter. Projektet kommer \u00f6ka inkomster och handel f\u00f6r etablerade sm\u00e5skaliga biodlare, skapa syssels\u00e4ttning f\u00f6r fler, st\u00e4rka lokalsamh\u00e4llet och bidra till starkare ekosystem d\u00e4r bin och v\u00e4xter samspelar.                                                                                                                                                                                                                                                             <\/li>\n<\/ul>\n\n\n\n<ul class=\"wp-block-list\">\n<li><em><strong>Projekt<\/strong>: Breaking barriers &#8211; Empowering women workers from home-based and brick kiln sectors, <strong>Organisation<\/strong>: Labour Education Foundation (Pakistan) &#8211;<\/em>  F\u00f6r att bygga motst\u00e5ndskraft hos kvinnor i yrken som ut\u00f6vas fr\u00e5n hemmet och i fabriker kommer projektet skapa m\u00f6tesforum och engagemang f\u00f6r fackligt arbete och samarbetsgrupper. Genom att st\u00e4rka kunskapen om lagar och r\u00e4ttigheter ges runt 500 kvinnor fr\u00e5n fr\u00e4mst l\u00e5ginkomst- och marginaliserade bakgrunder chansen till ett tryggare och mer r\u00e4ttvist arbetsliv. M\u00e5let \u00e4r att st\u00e4rka kvinnornas kunskap om lagar och r\u00e4ttigheter, deras ledarskap och f\u00f6rhandlingsf\u00f6rm\u00e5ga och att f\u00f6rb\u00e4ttra s\u00e4kerhet, j\u00e4mlikhet och l\u00f6neniv\u00e5er, vilket ger en st\u00f6rre socioekonomisk trygghet.                                                                      <\/li>\n<\/ul>\n\n\n\n<ul class=\"wp-block-list\">\n<li><em><strong>Projekt<\/strong>: Establishing 20 evening tuition centers for the educational empowerment of rural children , <strong>Organisation<\/strong>: Association for Social Solidarity and Empowerment TrainingTrust (Indien) &#8211; <\/em>Projektets m\u00e5l \u00e4r att etablera 20 m\u00f6tesplatser f\u00f6r kv\u00e4llskurser p\u00e5 avl\u00e4gsna platser p\u00e5 landsbygden i Madurai-distriktet. Den fr\u00e4msta m\u00e5lgruppen \u00e4r 200 pojkar och flickor fr\u00e5n 20 olika byar som kommer att erbjudas utbildning och st\u00f6d med l\u00e4xor. Barnen som deltar kommer framf\u00f6rallt f\u00e5 utbildning och utveckla sina kunskaper inom matematik, naturvetenskap, engelska samt l\u00e4ra sig om barns r\u00e4ttigheter. Allt f\u00f6r att st\u00e4rka barnens m\u00f6jligheter i livet och arbetslivet, och bidra till lokalsamh\u00e4llet.<\/li>\n<\/ul>\n\n\n\n<ul class=\"wp-block-list\">\n<li><em><strong>Projekt<\/strong>: Empowering women home-based workers for sustainable livelihoods and safe work environments, <strong>Organisation<\/strong>: Center for Labor and Social Studies (Nepal) &#8211; <\/em>M\u00e5lgruppen f\u00f6r projektet \u00e4r kvinnor 20-45 \u00e5r i omr\u00e5den och samh\u00e4llen som pr\u00e4glas av l\u00e5ga inkomster, och som arbetar fr\u00e5n hemmet med att hantverk som att sy och v\u00e4va, eller f\u00f6rbereda mat f\u00f6r f\u00f6rs\u00e4ljning. Dessa kvinnor saknar ofta utbildning och har liten eller ingen tillg\u00e5ng till statliga eller lokala st\u00f6d- och trygghetssystem. Runt 100 kvinnor kommer att delta i projektet som syftar till att ge dem en st\u00e4rkt och mer framtr\u00e4dande roll i samh\u00e4llet. Genom information och kunskapsh\u00f6jande insatser om r\u00e4ttigheter och s\u00e4kerhet och b\u00e4ttre kontakt med etablerade samh\u00e4llsfunktioner skapar projektet b\u00e4ttre f\u00f6ruts\u00e4ttningar f\u00f6r egenf\u00f6rs\u00f6rjning, v\u00e4rdighet och trygga arbetsf\u00f6rh\u00e5llanden.                                                 <\/li>\n<\/ul>\n\n\n\n<div class=\"wp-block-group\"><div class=\"wp-block-group__inner-container is-layout-constrained wp-block-group-is-layout-constrained\">\n<div class=\"wp-block-group\"><div class=\"wp-block-group__inner-container is-layout-constrained wp-block-group-is-layout-constrained\">\n<p><strong>2025 \u00e5rs tema: multidimensionell motst\u00e5ndskraft&nbsp;<\/strong>                                                                                        Att bygga motst\u00e5ndskraft hj\u00e4lper inte bara individer utan hela samh\u00e4llen att st\u00e5 emot och \u00e5terh\u00e4mta sig fr\u00e5n kriser och katastrofer, och \u00e4r n\u00f6dv\u00e4ndigt f\u00f6r fortsatt m\u00e4nsklig utveckling. Projekt och organisationer som var kvalificerade att s\u00f6ka anslag inom 2025 \u00e5rs tema ska bygga multidimensionell motst\u00e5ndskraft\/resiliens i samh\u00e4llet, t.ex. genom att ta fram arbetss\u00e4tt och metoder som skapar f\u00f6ruts\u00e4ttningar f\u00f6r social organisering, eller utf\u00f6ra resultatorienterade \u00e5tg\u00e4rder som st\u00e4rker motst\u00e5ndskraften i fattigdomsutsatta grupper eller omr\u00e5den.<\/p>\n<\/div><\/div>\n<\/div><\/div>\n\n\n\n<p class=\"has-white-color has-text-color has-link-color wp-elements-2ea4a3197d73331de671e5a4ecac97d2\">XXXXXXXXXXXXXXXXXXXXXXXXXXXXXXXXXXX          <\/p>\n","protected":false},"excerpt":{"rendered":"<p>&nbsp; Vad \u00e4r Stiftelsen Rights Now Rights Now \u00e4r en stiftelse som vill f\u00f6rb\u00e4ttra livsvillkoren och livschanserna f\u00f6r m\u00e4nniskor i utsatta situationer. Vi ger ekonomiska bidrag till&#8230;<\/p>\n","protected":false},"author":1,"featured_media":1727,"parent":0,"menu_order":10,"comment_status":"closed","ping_status":"closed","template":"","meta":{"_acf_changed":false,"_monsterinsights_skip_tracking":false,"_monsterinsights_sitenote_active":false,"_monsterinsights_sitenote_note":"","_monsterinsights_sitenote_category":0,"footnotes":""},"class_list":["post-2064","page","type-page","status-publish","has-post-thumbnail","hentry"],"acf":[],"yoast_head":"<!-- This site is optimized with the Yoast SEO Premium plugin v27.4 (Yoast SEO v27.4) - https:\/\/yoast.com\/product\/yoast-seo-premium-wordpress\/ -->\n<title>Om oss - Rights Now Foundation<\/title>\n<meta name=\"description\" content=\"Vi ger ekonomiska bidrag till olika organisationer och projekt. Genom att ocks\u00e5 sprida information och kunskap fr\u00e5n de insatser vi st\u00f6djer hoppas vi kunna inspirera andra och p\u00e5verka samh\u00e4llet i positiv riktning.\" \/>\n<meta name=\"robots\" content=\"index, follow, max-snippet:-1, max-image-preview:large, max-video-preview:-1\" \/>\n<link rel=\"canonical\" href=\"https:\/\/rightsnow.se\/sv\/om-oss\/\" \/>\n<meta property=\"og:locale\" content=\"sv_SE\" \/>\n<meta property=\"og:type\" content=\"article\" \/>\n<meta property=\"og:title\" content=\"Om oss\" \/>\n<meta property=\"og:description\" content=\"Vi ger ekonomiska bidrag till olika organisationer och projekt. Genom att ocks\u00e5 sprida information och kunskap fr\u00e5n de insatser vi st\u00f6djer hoppas vi kunna inspirera andra och p\u00e5verka samh\u00e4llet i positiv riktning.\" \/>\n<meta property=\"og:url\" content=\"https:\/\/rightsnow.se\/sv\/om-oss\/\" \/>\n<meta property=\"og:site_name\" content=\"Rights Now Foundation\" \/>\n<meta property=\"article:modified_time\" content=\"2026-04-20T07:55:46+00:00\" \/>\n<meta property=\"og:image\" content=\"https:\/\/rightsnow.se\/wp-content\/uploads\/2016\/03\/photo-1455368109333-ebc686ad6c58.jpeg\" \/>\n\t<meta property=\"og:image:width\" content=\"1425\" \/>\n\t<meta property=\"og:image:height\" content=\"725\" \/>\n\t<meta property=\"og:image:type\" content=\"image\/jpeg\" \/>\n<meta name=\"twitter:card\" content=\"summary_large_image\" \/>\n<meta name=\"twitter:label1\" content=\"Ber\u00e4knad l\u00e4stid\" \/>\n\t<meta name=\"twitter:data1\" content=\"6 minuter\" \/>\n<script type=\"application\/ld+json\" class=\"yoast-schema-graph\">{\"@context\":\"https:\\\/\\\/schema.org\",\"@graph\":[{\"@type\":\"WebPage\",\"@id\":\"https:\\\/\\\/rightsnow.se\\\/sv\\\/om-oss\\\/\",\"url\":\"https:\\\/\\\/rightsnow.se\\\/sv\\\/om-oss\\\/\",\"name\":\"Om oss - Rights Now Foundation\",\"isPartOf\":{\"@id\":\"https:\\\/\\\/rightsnow.se\\\/sv\\\/#website\"},\"primaryImageOfPage\":{\"@id\":\"https:\\\/\\\/rightsnow.se\\\/sv\\\/om-oss\\\/#primaryimage\"},\"image\":{\"@id\":\"https:\\\/\\\/rightsnow.se\\\/sv\\\/om-oss\\\/#primaryimage\"},\"thumbnailUrl\":\"https:\\\/\\\/rightsnow.se\\\/wp-content\\\/uploads\\\/2016\\\/03\\\/photo-1455368109333-ebc686ad6c58.jpeg\",\"datePublished\":\"2022-10-20T09:07:46+00:00\",\"dateModified\":\"2026-04-20T07:55:46+00:00\",\"description\":\"Vi ger ekonomiska bidrag till olika organisationer och projekt. Genom att ocks\u00e5 sprida information och kunskap fr\u00e5n de insatser vi st\u00f6djer hoppas vi kunna inspirera andra och p\u00e5verka samh\u00e4llet i positiv riktning.\",\"breadcrumb\":{\"@id\":\"https:\\\/\\\/rightsnow.se\\\/sv\\\/om-oss\\\/#breadcrumb\"},\"inLanguage\":\"sv-SE\",\"potentialAction\":[{\"@type\":\"ReadAction\",\"target\":[\"https:\\\/\\\/rightsnow.se\\\/sv\\\/om-oss\\\/\"]}]},{\"@type\":\"ImageObject\",\"inLanguage\":\"sv-SE\",\"@id\":\"https:\\\/\\\/rightsnow.se\\\/sv\\\/om-oss\\\/#primaryimage\",\"url\":\"https:\\\/\\\/rightsnow.se\\\/wp-content\\\/uploads\\\/2016\\\/03\\\/photo-1455368109333-ebc686ad6c58.jpeg\",\"contentUrl\":\"https:\\\/\\\/rightsnow.se\\\/wp-content\\\/uploads\\\/2016\\\/03\\\/photo-1455368109333-ebc686ad6c58.jpeg\",\"width\":1425,\"height\":725},{\"@type\":\"BreadcrumbList\",\"@id\":\"https:\\\/\\\/rightsnow.se\\\/sv\\\/om-oss\\\/#breadcrumb\",\"itemListElement\":[{\"@type\":\"ListItem\",\"position\":1,\"name\":\"Hem\",\"item\":\"https:\\\/\\\/rightsnow.se\\\/sv\\\/\"},{\"@type\":\"ListItem\",\"position\":2,\"name\":\"Om oss\"}]},{\"@type\":\"WebSite\",\"@id\":\"https:\\\/\\\/rightsnow.se\\\/sv\\\/#website\",\"url\":\"https:\\\/\\\/rightsnow.se\\\/sv\\\/\",\"name\":\"Rights Now Foundation\",\"description\":\"Improving lives of humans\",\"publisher\":{\"@id\":\"https:\\\/\\\/rightsnow.se\\\/sv\\\/#organization\"},\"potentialAction\":[{\"@type\":\"SearchAction\",\"target\":{\"@type\":\"EntryPoint\",\"urlTemplate\":\"https:\\\/\\\/rightsnow.se\\\/sv\\\/?s={search_term_string}\"},\"query-input\":{\"@type\":\"PropertyValueSpecification\",\"valueRequired\":true,\"valueName\":\"search_term_string\"}}],\"inLanguage\":\"sv-SE\"},{\"@type\":\"Organization\",\"@id\":\"https:\\\/\\\/rightsnow.se\\\/sv\\\/#organization\",\"name\":\"Rights Now Foundation\",\"url\":\"https:\\\/\\\/rightsnow.se\\\/sv\\\/\",\"logo\":{\"@type\":\"ImageObject\",\"inLanguage\":\"sv-SE\",\"@id\":\"https:\\\/\\\/rightsnow.se\\\/sv\\\/#\\\/schema\\\/logo\\\/image\\\/\",\"url\":\"https:\\\/\\\/rightsnow.se\\\/wp-content\\\/uploads\\\/2022\\\/10\\\/rightsnow-logotype.png\",\"contentUrl\":\"https:\\\/\\\/rightsnow.se\\\/wp-content\\\/uploads\\\/2022\\\/10\\\/rightsnow-logotype.png\",\"width\":1237,\"height\":572,\"caption\":\"Rights Now Foundation\"},\"image\":{\"@id\":\"https:\\\/\\\/rightsnow.se\\\/sv\\\/#\\\/schema\\\/logo\\\/image\\\/\"}}]}<\/script>\n<!-- \/ Yoast SEO Premium plugin. -->","yoast_head_json":{"title":"Om oss - Rights Now Foundation","description":"Vi ger ekonomiska bidrag till olika organisationer och projekt. Genom att ocks\u00e5 sprida information och kunskap fr\u00e5n de insatser vi st\u00f6djer hoppas vi kunna inspirera andra och p\u00e5verka samh\u00e4llet i positiv riktning.","robots":{"index":"index","follow":"follow","max-snippet":"max-snippet:-1","max-image-preview":"max-image-preview:large","max-video-preview":"max-video-preview:-1"},"canonical":"https:\/\/rightsnow.se\/sv\/om-oss\/","og_locale":"sv_SE","og_type":"article","og_title":"Om oss","og_description":"Vi ger ekonomiska bidrag till olika organisationer och projekt. Genom att ocks\u00e5 sprida information och kunskap fr\u00e5n de insatser vi st\u00f6djer hoppas vi kunna inspirera andra och p\u00e5verka samh\u00e4llet i positiv riktning.","og_url":"https:\/\/rightsnow.se\/sv\/om-oss\/","og_site_name":"Rights Now Foundation","article_modified_time":"2026-04-20T07:55:46+00:00","og_image":[{"width":1425,"height":725,"url":"https:\/\/rightsnow.se\/wp-content\/uploads\/2016\/03\/photo-1455368109333-ebc686ad6c58.jpeg","type":"image\/jpeg"}],"twitter_card":"summary_large_image","twitter_misc":{"Ber\u00e4knad l\u00e4stid":"6 minuter"},"schema":{"@context":"https:\/\/schema.org","@graph":[{"@type":"WebPage","@id":"https:\/\/rightsnow.se\/sv\/om-oss\/","url":"https:\/\/rightsnow.se\/sv\/om-oss\/","name":"Om oss - Rights Now Foundation","isPartOf":{"@id":"https:\/\/rightsnow.se\/sv\/#website"},"primaryImageOfPage":{"@id":"https:\/\/rightsnow.se\/sv\/om-oss\/#primaryimage"},"image":{"@id":"https:\/\/rightsnow.se\/sv\/om-oss\/#primaryimage"},"thumbnailUrl":"https:\/\/rightsnow.se\/wp-content\/uploads\/2016\/03\/photo-1455368109333-ebc686ad6c58.jpeg","datePublished":"2022-10-20T09:07:46+00:00","dateModified":"2026-04-20T07:55:46+00:00","description":"Vi ger ekonomiska bidrag till olika organisationer och projekt. Genom att ocks\u00e5 sprida information och kunskap fr\u00e5n de insatser vi st\u00f6djer hoppas vi kunna inspirera andra och p\u00e5verka samh\u00e4llet i positiv riktning.","breadcrumb":{"@id":"https:\/\/rightsnow.se\/sv\/om-oss\/#breadcrumb"},"inLanguage":"sv-SE","potentialAction":[{"@type":"ReadAction","target":["https:\/\/rightsnow.se\/sv\/om-oss\/"]}]},{"@type":"ImageObject","inLanguage":"sv-SE","@id":"https:\/\/rightsnow.se\/sv\/om-oss\/#primaryimage","url":"https:\/\/rightsnow.se\/wp-content\/uploads\/2016\/03\/photo-1455368109333-ebc686ad6c58.jpeg","contentUrl":"https:\/\/rightsnow.se\/wp-content\/uploads\/2016\/03\/photo-1455368109333-ebc686ad6c58.jpeg","width":1425,"height":725},{"@type":"BreadcrumbList","@id":"https:\/\/rightsnow.se\/sv\/om-oss\/#breadcrumb","itemListElement":[{"@type":"ListItem","position":1,"name":"Hem","item":"https:\/\/rightsnow.se\/sv\/"},{"@type":"ListItem","position":2,"name":"Om oss"}]},{"@type":"WebSite","@id":"https:\/\/rightsnow.se\/sv\/#website","url":"https:\/\/rightsnow.se\/sv\/","name":"Rights Now Foundation","description":"Improving lives of humans","publisher":{"@id":"https:\/\/rightsnow.se\/sv\/#organization"},"potentialAction":[{"@type":"SearchAction","target":{"@type":"EntryPoint","urlTemplate":"https:\/\/rightsnow.se\/sv\/?s={search_term_string}"},"query-input":{"@type":"PropertyValueSpecification","valueRequired":true,"valueName":"search_term_string"}}],"inLanguage":"sv-SE"},{"@type":"Organization","@id":"https:\/\/rightsnow.se\/sv\/#organization","name":"Rights Now Foundation","url":"https:\/\/rightsnow.se\/sv\/","logo":{"@type":"ImageObject","inLanguage":"sv-SE","@id":"https:\/\/rightsnow.se\/sv\/#\/schema\/logo\/image\/","url":"https:\/\/rightsnow.se\/wp-content\/uploads\/2022\/10\/rightsnow-logotype.png","contentUrl":"https:\/\/rightsnow.se\/wp-content\/uploads\/2022\/10\/rightsnow-logotype.png","width":1237,"height":572,"caption":"Rights Now Foundation"},"image":{"@id":"https:\/\/rightsnow.se\/sv\/#\/schema\/logo\/image\/"}}]}},"_links":{"self":[{"href":"https:\/\/rightsnow.se\/sv\/wp-json\/wp\/v2\/pages\/2064","targetHints":{"allow":["GET"]}}],"collection":[{"href":"https:\/\/rightsnow.se\/sv\/wp-json\/wp\/v2\/pages"}],"about":[{"href":"https:\/\/rightsnow.se\/sv\/wp-json\/wp\/v2\/types\/page"}],"author":[{"embeddable":true,"href":"https:\/\/rightsnow.se\/sv\/wp-json\/wp\/v2\/users\/1"}],"replies":[{"embeddable":true,"href":"https:\/\/rightsnow.se\/sv\/wp-json\/wp\/v2\/comments?post=2064"}],"version-history":[{"count":21,"href":"https:\/\/rightsnow.se\/sv\/wp-json\/wp\/v2\/pages\/2064\/revisions"}],"predecessor-version":[{"id":3473,"href":"https:\/\/rightsnow.se\/sv\/wp-json\/wp\/v2\/pages\/2064\/revisions\/3473"}],"wp:featuredmedia":[{"embeddable":true,"href":"https:\/\/rightsnow.se\/sv\/wp-json\/wp\/v2\/media\/1727"}],"wp:attachment":[{"href":"https:\/\/rightsnow.se\/sv\/wp-json\/wp\/v2\/media?parent=2064"}],"curies":[{"name":"wp","href":"https:\/\/api.w.org\/{rel}","templated":true}]}}